{"id":491,"date":"2025-04-01T11:57:32","date_gmt":"2025-04-01T09:57:32","guid":{"rendered":"https:\/\/oliviafitcoach.com\/?page_id=491"},"modified":"2025-04-07T11:34:32","modified_gmt":"2025-04-07T09:34:32","slug":"mentions-legales","status":"publish","type":"page","link":"https:\/\/oliviafitcoach.com\/?page_id=491","title":{"rendered":"Mentions l\u00e9gales"},"content":{"rendered":"\t\t<div data-elementor-type=\"wp-page\" data-elementor-id=\"491\" class=\"elementor elementor-491\" data-elementor-post-type=\"page\">\n\t\t\t\t<div class=\"elementor-element elementor-element-d8e7c47 e-con-full e-flex e-con e-parent\" data-id=\"d8e7c47\" data-element_type=\"container\" data-e-type=\"container\" data-settings=\"{&quot;background_background&quot;:&quot;gradient&quot;,&quot;sticky&quot;:&quot;top&quot;,&quot;sticky_on&quot;:[&quot;desktop&quot;,&quot;tablet&quot;,&quot;mobile&quot;],&quot;sticky_offset&quot;:0,&quot;sticky_effects_offset&quot;:0,&quot;sticky_anchor_link_offset&quot;:0}\">\n\t\t<div class=\"elementor-element elementor-element-52b1775 e-con-full e-flex e-con e-child\" data-id=\"52b1775\" data-element_type=\"container\" data-e-type=\"container\">\n\t\t\t\t<div class=\"elementor-element elementor-element-9837382 elementor-widget elementor-widget-image\" data-id=\"9837382\" data-element_type=\"widget\" data-e-type=\"widget\" data-widget_type=\"image.default\">\n\t\t\t\t<div class=\"elementor-widget-container\">\n\t\t\t\t\t\t\t\t\t\t\t\t\t\t\t\t<a href=\"https:\/\/oliviafitcoach.com\/\">\n\t\t\t\t\t\t\t<img decoding=\"async\" width=\"77\" height=\"35\" src=\"https:\/\/oliviafitcoach.com\/wp-content\/uploads\/2025\/03\/OA_Logo.svg\" class=\"attachment-large size-large wp-image-104\" alt=\"\" \/>\t\t\t\t\t\t\t\t<\/a>\n\t\t\t\t\t\t\t\t\t\t\t\t\t\t\t<\/div>\n\t\t\t\t<\/div>\n\t\t\t\t<\/div>\n\t\t<div class=\"elementor-element elementor-element-aa3de4c e-con-full e-flex e-con e-child\" data-id=\"aa3de4c\" data-element_type=\"container\" data-e-type=\"container\">\n\t\t\t\t<div class=\"elementor-element elementor-element-a4be0b2 cpel-switcher--align-right cpel-switcher--layout-horizontal elementor-widget elementor-widget-polylang-language-switcher\" data-id=\"a4be0b2\" data-element_type=\"widget\" data-e-type=\"widget\" data-widget_type=\"polylang-language-switcher.default\">\n\t\t\t\t<div class=\"elementor-widget-container\">\n\t\t\t\t\t<nav class=\"cpel-switcher__nav\"><ul class=\"cpel-switcher__list\"><li class=\"cpel-switcher__lang\"><a lang=\"fr-FR\" hreflang=\"fr-FR\" href=\"https:\/\/oliviafitcoach.com\/?page_id=491\"><span class=\"cpel-switcher__code\">FR<\/span><\/a><\/li><li class=\"cpel-switcher__lang\"><a lang=\"en-GB\" hreflang=\"en-GB\" href=\"https:\/\/oliviafitcoach.com\/?lang=en\"><span class=\"cpel-switcher__code\">EN<\/span><\/a><\/li><\/ul><\/nav>\t\t\t\t<\/div>\n\t\t\t\t<\/div>\n\t\t\t\t<\/div>\n\t\t\t\t<\/div>\n\t\t<div class=\"elementor-element elementor-element-36f7ac4 e-flex e-con-boxed e-con e-parent\" data-id=\"36f7ac4\" data-element_type=\"container\" data-e-type=\"container\">\n\t\t\t\t\t<div class=\"e-con-inner\">\n\t\t\t\t<div class=\"elementor-element elementor-element-5518f41 elementor-widget elementor-widget-text-editor\" data-id=\"5518f41\" data-element_type=\"widget\" data-e-type=\"widget\" data-widget_type=\"text-editor.default\">\n\t\t\t\t<div class=\"elementor-widget-container\">\n\t\t\t\t\t\t\t\t\t<p dir=\"auto\"><strong>Identification de l&rsquo;entreprise :<\/strong><br \/>Nom de l&rsquo;entreprise : Olivia Fit Coach<br \/>Adresse : [Adresse compl\u00e8te] <br \/>Adresse e-mail : oliviafitcoach@gmail.com<br \/>Num\u00e9ro d&rsquo;identification fiscale (IDE) : [Num\u00e9ro IDE]]<\/p><p dir=\"auto\"><strong>Directeur de la publication :<\/strong> Albisetti Olivia<\/p><p dir=\"auto\"><strong>H\u00e9bergeur du site :<\/strong>\u00a0<br \/>OVH<br \/>RCS Lille M\u00e9tropole 424 761 419 00045<br \/>Si\u00e8ge social : 2 rue Kellermann \u2013 59100 Roubaix \u2013 France<br \/>T\u00e9l\u00e9phone : 09 72 10 10 07<\/p><p><strong>Web design :\u00a0<\/strong><br \/><a href=\"https:\/\/delphinebrossier.fr\/\">Delphine Brossier\u00a0<\/a><\/p><p dir=\"auto\"><strong>Informations sp\u00e9cifiques aux activit\u00e9s de personal training et nutrition<\/strong>\u00a0<br \/>Qualifications et certifications : [D\u00e9tails de vos qualifications et certifications]\u2028<\/p><p dir=\"auto\">Assurances professionnelles : [D\u00e9tails de vos assurances professionnelles]<\/p>\t\t\t\t\t\t\t\t<\/div>\n\t\t\t\t<\/div>\n\t\t\t\t\t<\/div>\n\t\t\t\t<\/div>\n\t\t<div class=\"elementor-element elementor-element-c7aecb4 e-con-full e-flex e-con e-parent\" data-id=\"c7aecb4\" data-element_type=\"container\" data-e-type=\"container\" data-settings=\"{&quot;sticky&quot;:&quot;top&quot;,&quot;sticky_on&quot;:[&quot;desktop&quot;,&quot;tablet&quot;,&quot;mobile&quot;],&quot;sticky_offset&quot;:0,&quot;sticky_effects_offset&quot;:0,&quot;sticky_anchor_link_offset&quot;:0}\">\n\t\t<div class=\"elementor-element elementor-element-b5b082a e-flex e-con-boxed e-con e-child\" data-id=\"b5b082a\" data-element_type=\"container\" data-e-type=\"container\">\n\t\t\t\t\t<div class=\"e-con-inner\">\n\t\t\t\t<div class=\"elementor-element elementor-element-16c4dec elementor-widget elementor-widget-image\" data-id=\"16c4dec\" data-element_type=\"widget\" data-e-type=\"widget\" data-widget_type=\"image.default\">\n\t\t\t\t<div class=\"elementor-widget-container\">\n\t\t\t\t\t\t\t\t\t\t\t\t\t\t\t\t<a href=\"#accueil\">\n\t\t\t\t\t\t\t<img decoding=\"async\" width=\"43\" height=\"19\" src=\"https:\/\/oliviafitcoach.com\/wp-content\/uploads\/2025\/03\/OA_Logo_Noir.svg\" class=\"attachment-large size-large wp-image-174\" alt=\"\" \/>\t\t\t\t\t\t\t\t<\/a>\n\t\t\t\t\t\t\t\t\t\t\t\t\t\t\t<\/div>\n\t\t\t\t<\/div>\n\t\t\t\t\t<\/div>\n\t\t\t\t<\/div>\n\t\t<div class=\"elementor-element elementor-element-eb56669 e-con-full e-flex e-con e-child\" data-id=\"eb56669\" data-element_type=\"container\" data-e-type=\"container\">\n\t\t\t\t<div class=\"elementor-element elementor-element-2ddee5a elementor-widget elementor-widget-text-editor\" data-id=\"2ddee5a\" data-element_type=\"widget\" data-e-type=\"widget\" data-widget_type=\"text-editor.default\">\n\t\t\t\t<div class=\"elementor-widget-container\">\n\t\t\t\t\t\t\t\t\t<p>oliviafitcoach@gmail.com<\/p>\t\t\t\t\t\t\t\t<\/div>\n\t\t\t\t<\/div>\n\t\t\t\t<\/div>\n\t\t<div class=\"elementor-element elementor-element-7ff02b7 e-con-full e-flex e-con e-child\" data-id=\"7ff02b7\" data-element_type=\"container\" data-e-type=\"container\">\n\t\t\t\t<div class=\"elementor-element elementor-element-574efc0 elementor-widget elementor-widget-text-editor\" data-id=\"574efc0\" data-element_type=\"widget\" data-e-type=\"widget\" data-widget_type=\"text-editor.default\">\n\t\t\t\t<div class=\"elementor-widget-container\">\n\t\t\t\t\t\t\t\t\t<p>Instagram<\/p>\t\t\t\t\t\t\t\t<\/div>\n\t\t\t\t<\/div>\n\t\t\t\t<\/div>\n\t\t<div class=\"elementor-element elementor-element-4fa580c e-con-full e-flex e-con e-child\" data-id=\"4fa580c\" data-element_type=\"container\" data-e-type=\"container\">\n\t\t\t\t<div class=\"elementor-element elementor-element-07e2703 elementor-widget elementor-widget-text-editor\" data-id=\"07e2703\" data-element_type=\"widget\" data-e-type=\"widget\" data-widget_type=\"text-editor.default\">\n\t\t\t\t<div class=\"elementor-widget-container\">\n\t\t\t\t\t\t\t\t\t<p><a href=\"https:\/\/oliviafitcoach.com\/?page_id=491\">Olivia fit coach 2025 \u00a9<\/a><\/p>\t\t\t\t\t\t\t\t<\/div>\n\t\t\t\t<\/div>\n\t\t\t\t<\/div>\n\t\t\t\t<\/div>\n\t\t\t\t<\/div>\n\t\t","protected":false},"excerpt":{"rendered":"<p>FR EN Identification de l&rsquo;entreprise :Nom de l&rsquo;entreprise : Olivia Fit CoachAdresse : [Adresse compl\u00e8te] Adresse e-mail : oliviafitcoach@gmail.comNum\u00e9ro d&rsquo;identification fiscale (IDE) : [Num\u00e9ro IDE]] Directeur de la publication : Albisetti Olivia H\u00e9bergeur du site :\u00a0OVHRCS Lille M\u00e9tropole 424 761 419 00045Si\u00e8ge social : 2 rue Kellermann \u2013 59100 Roubaix \u2013 FranceT\u00e9l\u00e9phone : 09 72 [&hellip;]<\/p>\n","protected":false},"author":1,"featured_media":0,"parent":0,"menu_order":0,"comment_status":"closed","ping_status":"closed","template":"elementor_canvas","meta":{"footnotes":""},"class_list":["post-491","page","type-page","status-publish","hentry"],"yoast_head":"<!-- This site is optimized with the Yoast SEO plugin v27.6 - https:\/\/yoast.com\/product\/yoast-seo-wordpress\/ -->\n<title>Mentions l\u00e9gales - Olivia fit coach<\/title>\n<meta name=\"robots\" content=\"index, follow, max-snippet:-1, max-image-preview:large, max-video-preview:-1\" \/>\n<link rel=\"canonical\" href=\"https:\/\/oliviafitcoach.com\/?page_id=491\" \/>\n<meta property=\"og:locale\" content=\"fr_FR\" \/>\n<meta property=\"og:type\" content=\"article\" \/>\n<meta property=\"og:title\" content=\"Mentions l\u00e9gales - Olivia fit coach\" \/>\n<meta property=\"og:description\" content=\"FR EN Identification de l&rsquo;entreprise :Nom de l&rsquo;entreprise : Olivia Fit CoachAdresse : [Adresse compl\u00e8te] Adresse e-mail : oliviafitcoach@gmail.comNum\u00e9ro d&rsquo;identification fiscale (IDE) : [Num\u00e9ro IDE]] Directeur de la publication : Albisetti Olivia H\u00e9bergeur du site :\u00a0OVHRCS Lille M\u00e9tropole 424 761 419 00045Si\u00e8ge social : 2 rue Kellermann \u2013 59100 Roubaix \u2013 FranceT\u00e9l\u00e9phone : 09 72 [&hellip;]\" \/>\n<meta property=\"og:url\" content=\"https:\/\/oliviafitcoach.com\/?page_id=491\" \/>\n<meta property=\"og:site_name\" content=\"Olivia fit coach\" \/>\n<meta property=\"article:modified_time\" content=\"2025-04-07T09:34:32+00:00\" \/>\n<meta property=\"og:image\" content=\"http:\/\/oliviafitcoach.com\/wp-content\/uploads\/2025\/03\/OA_Logo.svg\" \/>\n<meta name=\"twitter:card\" content=\"summary_large_image\" \/>\n<script type=\"application\/ld+json\" class=\"yoast-schema-graph\">{\"@context\":\"https:\\\/\\\/schema.org\",\"@graph\":[{\"@type\":\"WebPage\",\"@id\":\"https:\\\/\\\/oliviafitcoach.com\\\/?page_id=491\",\"url\":\"https:\\\/\\\/oliviafitcoach.com\\\/?page_id=491\",\"name\":\"Mentions l\u00e9gales - Olivia fit coach\",\"isPartOf\":{\"@id\":\"https:\\\/\\\/oliviafitcoach.com\\\/#website\"},\"primaryImageOfPage\":{\"@id\":\"https:\\\/\\\/oliviafitcoach.com\\\/?page_id=491#primaryimage\"},\"image\":{\"@id\":\"https:\\\/\\\/oliviafitcoach.com\\\/?page_id=491#primaryimage\"},\"thumbnailUrl\":\"http:\\\/\\\/oliviafitcoach.com\\\/wp-content\\\/uploads\\\/2025\\\/03\\\/OA_Logo.svg\",\"datePublished\":\"2025-04-01T09:57:32+00:00\",\"dateModified\":\"2025-04-07T09:34:32+00:00\",\"breadcrumb\":{\"@id\":\"https:\\\/\\\/oliviafitcoach.com\\\/?page_id=491#breadcrumb\"},\"inLanguage\":\"fr-FR\",\"potentialAction\":[{\"@type\":\"ReadAction\",\"target\":[\"https:\\\/\\\/oliviafitcoach.com\\\/?page_id=491\"]}]},{\"@type\":\"ImageObject\",\"inLanguage\":\"fr-FR\",\"@id\":\"https:\\\/\\\/oliviafitcoach.com\\\/?page_id=491#primaryimage\",\"url\":\"https:\\\/\\\/oliviafitcoach.com\\\/wp-content\\\/uploads\\\/2025\\\/03\\\/OA_Logo.svg\",\"contentUrl\":\"https:\\\/\\\/oliviafitcoach.com\\\/wp-content\\\/uploads\\\/2025\\\/03\\\/OA_Logo.svg\",\"width\":77,\"height\":35},{\"@type\":\"BreadcrumbList\",\"@id\":\"https:\\\/\\\/oliviafitcoach.com\\\/?page_id=491#breadcrumb\",\"itemListElement\":[{\"@type\":\"ListItem\",\"position\":1,\"name\":\"Accueil\",\"item\":\"https:\\\/\\\/oliviafitcoach.com\\\/\"},{\"@type\":\"ListItem\",\"position\":2,\"name\":\"Mentions l\u00e9gales\"}]},{\"@type\":\"WebSite\",\"@id\":\"https:\\\/\\\/oliviafitcoach.com\\\/#website\",\"url\":\"https:\\\/\\\/oliviafitcoach.com\\\/\",\"name\":\"Olivia fit coach\",\"description\":\"Personal trainer et Coach en nutrition\",\"potentialAction\":[{\"@type\":\"SearchAction\",\"target\":{\"@type\":\"EntryPoint\",\"urlTemplate\":\"https:\\\/\\\/oliviafitcoach.com\\\/?s={search_term_string}\"},\"query-input\":{\"@type\":\"PropertyValueSpecification\",\"valueRequired\":true,\"valueName\":\"search_term_string\"}}],\"inLanguage\":\"fr-FR\"}]}<\/script>\n<!-- \/ Yoast SEO plugin. -->","yoast_head_json":{"title":"Mentions l\u00e9gales - Olivia fit coach","robots":{"index":"index","follow":"follow","max-snippet":"max-snippet:-1","max-image-preview":"max-image-preview:large","max-video-preview":"max-video-preview:-1"},"canonical":"https:\/\/oliviafitcoach.com\/?page_id=491","og_locale":"fr_FR","og_type":"article","og_title":"Mentions l\u00e9gales - Olivia fit coach","og_description":"FR EN Identification de l&rsquo;entreprise :Nom de l&rsquo;entreprise : Olivia Fit CoachAdresse : [Adresse compl\u00e8te] Adresse e-mail : oliviafitcoach@gmail.comNum\u00e9ro d&rsquo;identification fiscale (IDE) : [Num\u00e9ro IDE]] Directeur de la publication : Albisetti Olivia H\u00e9bergeur du site :\u00a0OVHRCS Lille M\u00e9tropole 424 761 419 00045Si\u00e8ge social : 2 rue Kellermann \u2013 59100 Roubaix \u2013 FranceT\u00e9l\u00e9phone : 09 72 [&hellip;]","og_url":"https:\/\/oliviafitcoach.com\/?page_id=491","og_site_name":"Olivia fit coach","article_modified_time":"2025-04-07T09:34:32+00:00","og_image":[{"url":"http:\/\/oliviafitcoach.com\/wp-content\/uploads\/2025\/03\/OA_Logo.svg","type":"","width":"","height":""}],"twitter_card":"summary_large_image","schema":{"@context":"https:\/\/schema.org","@graph":[{"@type":"WebPage","@id":"https:\/\/oliviafitcoach.com\/?page_id=491","url":"https:\/\/oliviafitcoach.com\/?page_id=491","name":"Mentions l\u00e9gales - Olivia fit coach","isPartOf":{"@id":"https:\/\/oliviafitcoach.com\/#website"},"primaryImageOfPage":{"@id":"https:\/\/oliviafitcoach.com\/?page_id=491#primaryimage"},"image":{"@id":"https:\/\/oliviafitcoach.com\/?page_id=491#primaryimage"},"thumbnailUrl":"http:\/\/oliviafitcoach.com\/wp-content\/uploads\/2025\/03\/OA_Logo.svg","datePublished":"2025-04-01T09:57:32+00:00","dateModified":"2025-04-07T09:34:32+00:00","breadcrumb":{"@id":"https:\/\/oliviafitcoach.com\/?page_id=491#breadcrumb"},"inLanguage":"fr-FR","potentialAction":[{"@type":"ReadAction","target":["https:\/\/oliviafitcoach.com\/?page_id=491"]}]},{"@type":"ImageObject","inLanguage":"fr-FR","@id":"https:\/\/oliviafitcoach.com\/?page_id=491#primaryimage","url":"https:\/\/oliviafitcoach.com\/wp-content\/uploads\/2025\/03\/OA_Logo.svg","contentUrl":"https:\/\/oliviafitcoach.com\/wp-content\/uploads\/2025\/03\/OA_Logo.svg","width":77,"height":35},{"@type":"BreadcrumbList","@id":"https:\/\/oliviafitcoach.com\/?page_id=491#breadcrumb","itemListElement":[{"@type":"ListItem","position":1,"name":"Accueil","item":"https:\/\/oliviafitcoach.com\/"},{"@type":"ListItem","position":2,"name":"Mentions l\u00e9gales"}]},{"@type":"WebSite","@id":"https:\/\/oliviafitcoach.com\/#website","url":"https:\/\/oliviafitcoach.com\/","name":"Olivia fit coach","description":"Personal trainer et Coach en nutrition","potentialAction":[{"@type":"SearchAction","target":{"@type":"EntryPoint","urlTemplate":"https:\/\/oliviafitcoach.com\/?s={search_term_string}"},"query-input":{"@type":"PropertyValueSpecification","valueRequired":true,"valueName":"search_term_string"}}],"inLanguage":"fr-FR"}]}},"_links":{"self":[{"href":"https:\/\/oliviafitcoach.com\/index.php?rest_route=\/wp\/v2\/pages\/491","targetHints":{"allow":["GET"]}}],"collection":[{"href":"https:\/\/oliviafitcoach.com\/index.php?rest_route=\/wp\/v2\/pages"}],"about":[{"href":"https:\/\/oliviafitcoach.com\/index.php?rest_route=\/wp\/v2\/types\/page"}],"author":[{"embeddable":true,"href":"https:\/\/oliviafitcoach.com\/index.php?rest_route=\/wp\/v2\/users\/1"}],"replies":[{"embeddable":true,"href":"https:\/\/oliviafitcoach.com\/index.php?rest_route=%2Fwp%2Fv2%2Fcomments&post=491"}],"version-history":[{"count":31,"href":"https:\/\/oliviafitcoach.com\/index.php?rest_route=\/wp\/v2\/pages\/491\/revisions"}],"predecessor-version":[{"id":829,"href":"https:\/\/oliviafitcoach.com\/index.php?rest_route=\/wp\/v2\/pages\/491\/revisions\/829"}],"wp:attachment":[{"href":"https:\/\/oliviafitcoach.com\/index.php?rest_route=%2Fwp%2Fv2%2Fmedia&parent=491"}],"curies":[{"name":"wp","href":"https:\/\/api.w.org\/{rel}","templated":true}]}}